{"id":56,"date":"2025-02-03T18:15:09","date_gmt":"2025-02-03T18:15:09","guid":{"rendered":"https:\/\/mdengenharia.net\/gmd\/?page_id=56"},"modified":"2025-02-05T22:53:50","modified_gmt":"2025-02-05T22:53:50","slug":"projeto-sao-victor","status":"publish","type":"page","link":"https:\/\/mdengenharia.net\/gmd\/projeto-sao-victor\/","title":{"rendered":"Projeto S\u00e3o Victor"},"content":{"rendered":"\n<p class=\"has-medium-font-size\"><strong>Escopo Geral do Projeto<\/strong><\/p>\n\n\n\n<p class=\"has-medium-font-size\"><strong>Cliente:<\/strong><\/p>\n\n\n\n<p class=\"has-medium-font-size\"><strong>Localiza\u00e7\u00e3o<\/strong><\/p>\n\n\n\n<p class=\"has-medium-font-size\"><strong>Per\u00edodo:<\/strong><\/p>\n\n\n\n<p class=\"has-medium-font-size\"><strong>Servi\u00e7os Executados:<\/strong><\/p>\n\n\n\n<p class=\"has-medium-font-size\"><strong>Caracter\u00edsticas<\/strong><\/p>\n\n\n\n<p><\/p>\n","protected":false},"excerpt":{"rendered":"<p>Escopo Geral do Projeto Cliente: Localiza\u00e7\u00e3o Per\u00edodo: Servi\u00e7os Executados: Caracter\u00edsticas<\/p>\n","protected":false},"author":1,"featured_media":0,"parent":0,"menu_order":0,"comment_status":"closed","ping_status":"closed","template":"","meta":{"_siteseo_robots_primary_cat":"","pagelayer_contact_templates":[],"_pagelayer_content":"","footnotes":""},"class_list":["post-56","page","type-page","status-publish","hentry"],"_links":{"self":[{"href":"https:\/\/mdengenharia.net\/gmd\/wp-json\/wp\/v2\/pages\/56","targetHints":{"allow":["GET"]}}],"collection":[{"href":"https:\/\/mdengenharia.net\/gmd\/wp-json\/wp\/v2\/pages"}],"about":[{"href":"https:\/\/mdengenharia.net\/gmd\/wp-json\/wp\/v2\/types\/page"}],"author":[{"embeddable":true,"href":"https:\/\/mdengenharia.net\/gmd\/wp-json\/wp\/v2\/users\/1"}],"replies":[{"embeddable":true,"href":"https:\/\/mdengenharia.net\/gmd\/wp-json\/wp\/v2\/comments?post=56"}],"version-history":[{"count":2,"href":"https:\/\/mdengenharia.net\/gmd\/wp-json\/wp\/v2\/pages\/56\/revisions"}],"predecessor-version":[{"id":102,"href":"https:\/\/mdengenharia.net\/gmd\/wp-json\/wp\/v2\/pages\/56\/revisions\/102"}],"wp:attachment":[{"href":"https:\/\/mdengenharia.net\/gmd\/wp-json\/wp\/v2\/media?parent=56"}],"curies":[{"name":"wp","href":"https:\/\/api.w.org\/{rel}","templated":true}]}}